{"id":1390,"date":"2023-08-13T17:08:34","date_gmt":"2023-08-13T17:08:34","guid":{"rendered":"https:\/\/getitalltv.com\/?page_id=1390"},"modified":"2025-03-21T02:45:59","modified_gmt":"2025-03-21T02:45:59","slug":"faq","status":"publish","type":"page","link":"https:\/\/getitalltv.com\/da\/faq\/","title":{"rendered":"FAQ"},"content":{"rendered":"<h1>\n<h2 class=\"uk-h1 uk-width-large uk-margin-auto-right@m uk-margin-remove-left@m uk-margin-auto uk-text-left@m uk-text-center\">Ofte stillede sp\u00f8rgsm\u00e5l<\/h2>\n<\/h1>\n<ul>\n<li>\n<h3>Tilbyder du pr\u00f8vetest?<\/h3>\n<div>\n<p><span>Det g\u00f8r vi\u00a0<strong>IKKE<\/strong> tilbyde &quot;GRATIS&quot; pr\u00f8veperiode, <\/span><span>Vi har dog ledig en\u00a0<strong>24H Pass (<a href=\"https:\/\/getitalltv.com\/da\/24h\/\">Klik her<\/a>)<\/strong>,<\/span><\/p>\n<\/div>\n<\/li>\n<li>\n<h3>Er VOD&#039;er p\u00e5 alle sprog?<\/h3>\n<div>\n<div class=\"el-item uk-open\">\n<div class=\"uk-accordion-content uk-margin-remove-first-child\">\n<div class=\"el-content uk-panel uk-margin-top\">\n<p><span>Alt Video on Demand (VOD) indhold er tilg\u00e6ngeligt p\u00e5 flere sprog, inklusive engelsk, tysk, fransk, spansk, hollandsk, italiensk, EXYU og mere, for at henvende sig til en bred vifte af m\u00e5lgrupper.<\/span><\/p>\n<\/div>\n<\/div>\n<\/div>\n<\/div>\n<\/li>\n<li>\n<h3>Hvilken betalingsmetode accepterer du?<\/h3>\n<div>\n<p>Vi accepterer f\u00f8lgende betalingsmetoder:<\/p>\n<ul>\n<li>Debet-\/kreditkortbetaling (med 3D-sikkerhed, for vores kunders sikkerhed)<\/li>\n<li>Google Pay<\/li>\n<li>Paypal betaling.<\/li>\n<li>Crypto Currency (For anonymitet for vores kunder), For at betale med Crypto Currency, kontakt os venligst via whatssap.<\/li>\n<\/ul>\n<\/div>\n<\/li>\n<li>\n<h3>Hvilket indhold har din IPTV-tjeneste?<\/h3>\n<div>\n<p><span>Vi tilbyder et omfattende udvalg af premium tv-kanaler, herunder europ\u00e6iske, britiske, amerikanske, asiatiske, arabiske kanaler og programmer, mere end 22K verdensomsp\u00e6ndende kanaler og +114 Video on Demand (film og serier) med regelm\u00e6ssige opdateringer. Vores tilbud omfatter en bred vifte af filmiske underholdningsmuligheder, herunder popul\u00e6re film, anerkendte tv-serier og forskelligartede, alle tilg\u00e6ngelige i fantastisk 4K, FHD, HD-kvalitet.<\/span><\/p>\n<\/div>\n<\/li>\n<li>\n<h3>Er der en refusion, hvis jeg ikke kan lide din service?<\/h3>\n<div>\n<p><span>Vi er stolte af at tilbyde vores v\u00e6rdsatte kunder en omfattende 7-dages pengene-tilbage-garanti, gyldig uanset \u00e5rsag.<\/span><\/p>\n<\/div>\n<\/li>\n<li>\n<h3>Kan jeg bruge det til flere enheder?<\/h3>\n<div>\n<p>Hvis du vil bruge vores service til flere enheder (mere end 1 enhed), er der 2 muligheder:<\/p>\n<p>\u2013 Hvis du ikke vil bruge 1 abonnement (Basic eller VIP) samtidigt, beh\u00f8ver du ikke et andet abonnement, med 1 abonnement kan du bruge det til mere end 1 enhed, men ikke samtidigt.<\/p>\n<p>2- Hvis du vil bruge flere enheder samtidigt, skal du have, at hver enhed har deres eget abonnement.<\/p>\n<\/p>\n<\/div>\n<\/li>\n<\/ul>\n<ul>\n<li>\n<h3>Hvorn\u00e5r modtager jeg mine oplysninger abonnement?<\/h3>\n<div>\n<p><span>Our objective is to send you your subscription details eMail within\u00a0 maximum of\u00a0 30<strong><em> seconds<\/em><\/strong>\u00a0 no matter if your order is during the week, weekend or very high domains periods.<\/span><\/p>\n<\/div>\n<\/li>\n<li>\n<h3>Hvad modtager jeg, n\u00e5r jeg abonnerer?<\/h3>\n<div>\n<p><span>N\u00e5r du bliver abonnent, vil du modtage et unikt s\u00e6t login-legitimationsoplysninger og m3u-link i tilf\u00e6lde af Smart TV, Android ... osv., eller en portal i tilf\u00e6lde af Mag Box eller Apple-boks, der giver dig adgang til vores Alle kanaler og VOD&#039;er.\u00a0<\/span><\/p>\n<\/div>\n<\/li>\n<li>\n<h3>Hvordan fungerer support?<\/h3>\n<div>\n<p>N\u00e5r du abonnerer vil du f\u00e5 en direkte live chat tilg\u00e6ngelig med vores supportafdeling, de kan hj\u00e6lpe dig til enhver tid. og give dig al den tilg\u00e6ngelige support og tutorials.<\/p>\n<\/div>\n<\/li>\n<li>\n<h3>Hvilke enheder underst\u00f8tter din tjeneste?<\/h3>\n<div>\n<p><span>Vores IPTV Service underst\u00f8tter alle TV-bokse, Smart TV&#039;er, Android, Iphone-enheder, inklusive MAG-bokse, Apple Box, Formuler Z og andre, vi vil give alle instruktioner til ops\u00e6tning af tjenesten p\u00e5 enhver enhed.<\/span><\/p>\n<\/div>\n<\/li>\n<li>\n<h3>Hvad er st\u00f8ttens responstid?<\/h3>\n<div>\n<p><span>Efter at have modtaget din supportforesp\u00f8rgsel, bestr\u00e6ber vi os p\u00e5 at foretage en grundig unders\u00f8gelse af den aktuelle sag. Varigheden af denne proces kan variere afh\u00e6ngigt af problemets kompleksitet, men typisk bestr\u00e6ber vi os p\u00e5 at give en l\u00f8sning p\u00e5 f\u00e5 minutter. vi er ikke tilg\u00e6ngelige 24 timer i d\u00f8gnet\/7 dage, vi er gennemsigtige med vores kunder. fra 23:00 (CET) til 09:00 (CET) vil v\u00e6re en forsinkelse i besvarelsen af dine sp\u00f8rgsm\u00e5l. vi har brug for lidt hvile ;).<\/span><\/p>\n<\/div>\n<\/li>\n<\/ul>\n<p><!--more--><br \/>\n<!-- {\"type\":\"layout\",\"children\":[{\"type\":\"section\",\"props\":{\"image_position\":\"center-center\",\"style\":\"default\",\"title_breakpoint\":\"xl\",\"title_position\":\"top-left\",\"title_rotation\":\"left\",\"vertical_align\":\"middle\",\"width\":\"default\"},\"children\":[{\"type\":\"row\",\"children\":[{\"type\":\"column\",\"props\":{\"image_position\":\"center-center\",\"position_sticky_breakpoint\":\"m\"},\"children\":[{\"type\":\"headline\",\"props\":{\"content\":\"\n\n<h2 class=\\\"uk-h1 uk-width-large uk-margin-auto-right@m uk-margin-remove-left@m uk-margin-auto uk-text-left@m uk-text-center\\\">Frequently Asked Questions<\\\/h2>\",\"title_element\":\"h1\"}}]}]}]},{\"type\":\"section\",\"props\":{\"image_position\":\"center-center\",\"style\":\"default\",\"title_breakpoint\":\"xl\",\"title_position\":\"top-left\",\"title_rotation\":\"left\",\"vertical_align\":\"middle\",\"width\":\"default\"},\"children\":[{\"type\":\"row\",\"props\":{\"layout\":\"1-2,1-2\"},\"children\":[{\"type\":\"column\",\"props\":{\"image_position\":\"center-center\",\"position_sticky_breakpoint\":\"m\",\"width_medium\":\"1-2\"},\"children\":[{\"type\":\"accordion\",\"props\":{\"collapsible\":true,\"content_column_breakpoint\":\"m\",\"image_align\":\"top\",\"image_grid_breakpoint\":\"m\",\"image_grid_width\":\"1-2\",\"image_svg_color\":\"emphasis\",\"link_style\":\"default\",\"link_text\":\"Read more\",\"show_image\":true,\"show_link\":true},\"children\":[{\"type\":\"accordion_item\",\"props\":{\"content\":\"\n\n<p><span>We do\\u00a0<strong>NOT<\\\/strong> offer \\u201cFREE\\u201d Trial, <\\\/span><span>However, we have available a\\u00a0<strong>24H Pass (<a href=\\\"https:\\\/\\\/getitalltv.com\\\/24h\\\/\\\">Click Here<\\\/a>)<\\\/strong>,<\\\/span><\\\/p>\",\"title\":\"Do you Offer Trial Test?\"}},{\"type\":\"accordion_item\",\"props\":{\"content\":\"\n\n<div class=\\\"el-item uk-open\\\">\\n\n\n<div class=\\\"uk-accordion-content uk-margin-remove-first-child\\\">\\n\n\n<div class=\\\"el-content uk-panel uk-margin-top\\\">\\n\n\n<p><span>All Video on Demand (VOD) content is available in multiple languages, including English, German, French, Spanish, Dutch, Italian, EXYU, and more, to cater to a wide range of audiences.<\\\/span><\\\/p>\\n<\\\/div>\\n<\\\/div>\\n<\\\/div>\",\"title\":\"Are VOD's in all languages?\"}},{\"type\":\"accordion_item\",\"props\":{\"content\":\"\n\n<p>We Accept Following Payment Methods:<\\\/p>\\n\n\n<ul>\\n\n\n<li>Debit\\\/Credit Card Payment (with 3D Security, for security of our customers)<\\\/li>\\n\n\n<li>Google pay<\\\/li>\\n\n\n<li>Paypal Payment.<\\\/li>\\n\n\n<li>Crypto Currency (For anonimity of our customers ), To pay with Crypto Currency, please contact us via whatssap.<\\\/li>\\n<\\\/ul>\",\"title\":\"What Payment Method you accept?\"}},{\"type\":\"accordion_item\",\"props\":{\"content\":\"\n\n<p><span>We provide an extensive selection of premium television channels including European, UK, USA,Asian, Arabic Channels and Programs, more than 22K world wide channels, and +114 Video on Demand (Movies and series) with regular updates. Our offerings encompass a wide variety of cinematic entertainment options including popular movies, acclaimed television series, and diverse, all available in stunning 4K, FHD, HD Quality.<\\\/span><\\\/p>\",\"title\":\"What Content have your IPTV Service?\"}},{\"type\":\"accordion_item\",\"props\":{\"content\":\"\n\n<p><span>We are proud to offer our valued customers a comprehensive 7-day money-back guarantee, valid for any reason.<\\\/span><\\\/p>\",\"title\":\"There is a refund if i don't like your Service?\"}},{\"type\":\"accordion_item\",\"props\":{\"content\":\"\n\n<p>If you want to use our service for multi-device (More than 1 device), there is 2 options:<\\\/p>\\n\n\n<p>- If you will not use 1 subscription (Basic or VIP) simultaneously, you don't need another subscription, with 1 subscription you can use it for more than 1 device but not simultaneously.<\\\/p>\\n\n\n<p>2- If you will use multiple device simultaneously, you need that every device have their own subscription.<\\\/p>\\n\n\n<p><\\\/p>\",\"title\":\"Can I use it for multi device?\"}}]}]},{\"type\":\"column\",\"props\":{\"image_position\":\"center-center\",\"position_sticky_breakpoint\":\"m\",\"width_medium\":\"1-2\"},\"children\":[{\"type\":\"accordion\",\"props\":{\"collapsible\":true,\"content_column_breakpoint\":\"m\",\"image_align\":\"top\",\"image_grid_breakpoint\":\"m\",\"image_grid_width\":\"1-2\",\"image_svg_color\":\"emphasis\",\"link_style\":\"default\",\"link_text\":\"Read more\",\"show_image\":true,\"show_link\":true},\"children\":[{\"type\":\"accordion_item\",\"props\":{\"content\":\"\n\n<p><span>Our objective is to send you your subscription details eMail within\\u00a0 maximum of\\u00a0 30<strong><em> seconds<\\\/em><\\\/strong>\\u00a0 no matter if your order is during the week, weekend or very high domains periods.<\\\/span><\\\/p>\",\"title\":\"When i will receive my details Subscription?\"}},{\"type\":\"accordion_item\",\"props\":{\"content\":\"\n\n<p><span>Upon becoming a subscriber, you will receive a unique set of login credentials, and m3u link in case of Smart TV, Android\\u2026etc, or a portal in case of Mag Box or Apple box,\\u00a0 that will provide you with access to our All channels and VODs.\\u00a0<\\\/span><\\\/p>\",\"title\":\"What i Receive when i Subscribe?\"}},{\"type\":\"accordion_item\",\"props\":{\"content\":\"\n\n<p>When you subscribe you will get a direct live chat available with our support department, they can help you at any time. and provide you all the support and tutorials available.<\\\/p>\",\"title\":\"How support work?\"}},{\"type\":\"accordion_item\",\"props\":{\"content\":\"\n\n<p><span>Our IPTV Service suport all TV boxes, Smart TV\\u2019s, android, Iphone devices, Including MAG boxes, Apple Box, Formuler Z and others, we will provide with all instructions to setup the service onto any device.<\\\/span><\\\/p>\",\"title\":\"What Devices support your service?\"}},{\"type\":\"accordion_item\",\"props\":{\"content\":\"\n\n<p><span>Upon receiving your support inquiry, we endeavor to conduct a thorough investigation into the matter at hand. The duration of this process may vary depending on the complexity of the issue, but typically, we strive to provide a resolution in a matter of minutes. we are not available 24H\\\/7 Days, we are transparent with our clients. from 23:00 (CET) to 09:00 (CET) will be a delay in responding your questions. we need some rest ;).<\\\/span><\\\/p>\",\"title\":\"What is the time responce of the support?\"}},{\"type\":\"accordion_item\",\"props\":{\"content\":\"\n\n<p>You can check the difference : <a href=\\\"https:\\\/\\\/getitalltv.com\\\/basicvsvip\\\/\\\">Here<\\\/a><\\\/p>\",\"status\":\"disabled\",\"title\":\"Difference between Gold and VIP?\"}}]}]}]}]}],\"version\":\"4.0.6\"} --><\/p>","protected":false},"excerpt":{"rendered":"<p>Frequently Asked Questions Do you Offer Trial Test? We do\u00a0NOT offer \u201cFREE\u201d Trial, However, we have available a\u00a024H Pass (Click Here), Are VOD&#8217;s in all languages? All Video on Demand (VOD) content is available in multiple languages, including English, German, French, Spanish, Dutch, Italian, EXYU, and more, to cater to a wide range of audiences. [&hellip;]<\/p>","protected":false},"author":3,"featured_media":0,"parent":0,"menu_order":0,"comment_status":"closed","ping_status":"closed","template":"","meta":{"_acf_changed":false,"footnotes":""},"class_list":["post-1390","page","type-page","status-publish","hentry"],"acf":[],"_links":{"self":[{"href":"https:\/\/getitalltv.com\/da\/wp-json\/wp\/v2\/pages\/1390","targetHints":{"allow":["GET"]}}],"collection":[{"href":"https:\/\/getitalltv.com\/da\/wp-json\/wp\/v2\/pages"}],"about":[{"href":"https:\/\/getitalltv.com\/da\/wp-json\/wp\/v2\/types\/page"}],"author":[{"embeddable":true,"href":"https:\/\/getitalltv.com\/da\/wp-json\/wp\/v2\/users\/3"}],"replies":[{"embeddable":true,"href":"https:\/\/getitalltv.com\/da\/wp-json\/wp\/v2\/comments?post=1390"}],"version-history":[{"count":2,"href":"https:\/\/getitalltv.com\/da\/wp-json\/wp\/v2\/pages\/1390\/revisions"}],"predecessor-version":[{"id":2366,"href":"https:\/\/getitalltv.com\/da\/wp-json\/wp\/v2\/pages\/1390\/revisions\/2366"}],"wp:attachment":[{"href":"https:\/\/getitalltv.com\/da\/wp-json\/wp\/v2\/media?parent=1390"}],"curies":[{"name":"wp","href":"https:\/\/api.w.org\/{rel}","templated":true}]}}