{"id":1390,"date":"2023-08-13T17:08:34","date_gmt":"2023-08-13T17:08:34","guid":{"rendered":"https:\/\/getitalltv.com\/?page_id=1390"},"modified":"2025-03-21T02:45:59","modified_gmt":"2025-03-21T02:45:59","slug":"faq","status":"publish","type":"page","link":"https:\/\/getitalltv.com\/fi\/faq\/","title":{"rendered":"FAQ"},"content":{"rendered":"<h1>\n<h2 class=\"uk-h1 uk-width-large uk-margin-auto-right@m uk-margin-remove-left@m uk-margin-auto uk-text-left@m uk-text-center\">Usein Kysytyt Kysymykset<\/h2>\n<\/h1>\n<ul>\n<li>\n<h3>Tarjoatko kokeilutesti\u00e4?<\/h3>\n<div>\n<p><span>Me teemme\u00a0<strong>EI<\/strong> tarjoa &quot;ILMAINEN&quot; kokeiluversio, <\/span><span>Meill\u00e4 on kuitenkin k\u00e4ytett\u00e4viss\u00e4 a\u00a0<strong>24 tunnin passi (<a href=\"https:\/\/getitalltv.com\/fi\/24h\/\">Klikkaa t\u00e4st\u00e4<\/a>)<\/strong>,<\/span><\/p>\n<\/div>\n<\/li>\n<li>\n<h3>Ovatko VOD:t kaikilla kielill\u00e4?<\/h3>\n<div>\n<div class=\"el-item uk-open\">\n<div class=\"uk-accordion-content uk-margin-remove-first-child\">\n<div class=\"el-content uk-panel uk-margin-top\">\n<p><span>Kaikki Video on Demand (VOD) -sis\u00e4lt\u00f6 on saatavilla useilla kielill\u00e4, kuten englanniksi, saksaksi, ranskaksi, espanjaksi, hollanniksi, italiaksi, EXYU-kielell\u00e4 ja muilla kielill\u00e4, jotta se palvelee monenlaista yleis\u00f6\u00e4.<\/span><\/p>\n<\/div>\n<\/div>\n<\/div>\n<\/div>\n<\/li>\n<li>\n<h3>Mink\u00e4 maksutavan hyv\u00e4ksyt?<\/h3>\n<div>\n<p>Hyv\u00e4ksymme seuraavat maksutavat:<\/p>\n<ul>\n<li>Pankki-\/luottokorttimaksu (3D-suojauksella asiakkaidemme turvallisuuden vuoksi)<\/li>\n<li>Google pay<\/li>\n<li>Paypal maksu.<\/li>\n<li>Kryptovaluutta (asiakkaidemme nimett\u00f6myyden vuoksi), jos haluat maksaa kryptovaluutalla, ota meihin yhteytt\u00e4 whatssapin kautta.<\/li>\n<\/ul>\n<\/div>\n<\/li>\n<li>\n<h3>Mit\u00e4 sis\u00e4lt\u00f6\u00e4 IPTV-palvelusi sis\u00e4lt\u00e4\u00e4?<\/h3>\n<div>\n<p><span>Tarjoamme laajan valikoiman ensiluokkaisia televisiokanavia, mukaan lukien Euroopan, Iso-Britannian, USA:n, Aasian, arabialaiset kanavat ja ohjelmat, yli 22 000 maailmanlaajuista kanavaa ja +114 Video on Demand (elokuvat ja sarjat) s\u00e4\u00e4nn\u00f6llisin p\u00e4ivityksin. Valikoimamme kattaa laajan valikoiman elokuvaviihdevaihtoehtoja, kuten suosittuja elokuvia, kehuttuja televisiosarjoja ja erilaisia, kaikki saatavilla upealla 4K-, FHD- ja HD-laadulla.<\/span><\/p>\n<\/div>\n<\/li>\n<li>\n<h3>Saatko hyvityksen, jos en pid\u00e4 palvelustasi?<\/h3>\n<div>\n<p><span>Olemme ylpeit\u00e4 voidessamme tarjota arvostetuille asiakkaillemme kattavan 7 p\u00e4iv\u00e4n rahat takaisin -takuun, joka on voimassa mist\u00e4 tahansa syyst\u00e4.<\/span><\/p>\n<\/div>\n<\/li>\n<li>\n<h3>Voinko k\u00e4ytt\u00e4\u00e4 sit\u00e4 usealle laitteelle?<\/h3>\n<div>\n<p>Jos haluat k\u00e4ytt\u00e4\u00e4 palveluamme usealle laitteelle (enemm\u00e4n kuin 1 laite), on kaksi vaihtoehtoa:<\/p>\n<p>\u2013 Jos et k\u00e4yt\u00e4 yht\u00e4 tilausta (Perus- tai VIP) samanaikaisesti, et tarvitse toista tilausta, yhdell\u00e4 tilauksella voit k\u00e4ytt\u00e4\u00e4 sit\u00e4 useammassa kuin 1 laitteessa, mutta ei samanaikaisesti.<\/p>\n<p>2- Jos k\u00e4yt\u00e4t useita laitteita samanaikaisesti, sinulla on oltava jokaisella laitteella oma tilaus.<\/p>\n<\/p>\n<\/div>\n<\/li>\n<\/ul>\n<ul>\n<li>\n<h3>Milloin saan tietoni tilauksen?<\/h3>\n<div>\n<p><span>Our objective is to send you your subscription details eMail within\u00a0 maximum of\u00a0 30<strong><em> seconds<\/em><\/strong>\u00a0 no matter if your order is during the week, weekend or very high domains periods.<\/span><\/p>\n<\/div>\n<\/li>\n<li>\n<h3>Mit\u00e4 saan tilattaessa?<\/h3>\n<div>\n<p><span>Kun liityt tilaajaksi, saat ainutlaatuisen joukon kirjautumistunnuksia ja m3u-linkin Smart TV:n, Androidin jne. tai portaalin Mag Boxin tai Apple Boxin tapauksessa, jonka kautta p\u00e4\u00e4set k\u00e4ytt\u00e4m\u00e4\u00e4n kaikkia kanaviamme. ja VOD:t.\u00a0<\/span><\/p>\n<\/div>\n<\/li>\n<li>\n<h3>Miten tuki toimii?<\/h3>\n<div>\n<p>Kun tilaat, saat suoran live-chatin saatavilla tukiosastomme kanssa, he voivat auttaa sinua milloin tahansa. ja tarjoamme sinulle kaiken tuen ja opetusohjelmat.<\/p>\n<\/div>\n<\/li>\n<li>\n<h3>Mitk\u00e4 laitteet tukevat palveluasi?<\/h3>\n<div>\n<p><span>IPTV-palvelumme tukee kaikkia TV-laatikoita, Smart TV:it\u00e4, Android-, Iphone-laitteita, mukaan lukien MAG-laatikot, Apple Box, Formuler Z ja muut, tarjoamme kaikki ohjeet palvelun asentamiseksi mille tahansa laitteelle.<\/span><\/p>\n<\/div>\n<\/li>\n<li>\n<h3>Mik\u00e4 on tuen aikavaste?<\/h3>\n<div>\n<p><span>Saatuamme tukikyselysi pyrimme tekem\u00e4\u00e4n perusteellisen tutkimuksen k\u00e4sill\u00e4 olevasta asiasta. Prosessin kesto voi vaihdella ongelman monimutkaisuuden mukaan, mutta yleens\u00e4 pyrimme saamaan ratkaisun muutamassa minuutissa. emme ole tavoitettavissa 24 h\/7 p\u00e4iv\u00e4\u00e4, olemme l\u00e4pin\u00e4kyvi\u00e4 asiakkaidemme kanssa. 23:00 (CET) ja 09:00 (CET) v\u00e4lisen\u00e4 aikana kysymyksiisi vastaaminen viiv\u00e4styy. tarvitsemme lepoa ;).<\/span><\/p>\n<\/div>\n<\/li>\n<\/ul>\n<p><!--more--><br \/>\n<!-- {\"type\":\"layout\",\"children\":[{\"type\":\"section\",\"props\":{\"image_position\":\"center-center\",\"style\":\"default\",\"title_breakpoint\":\"xl\",\"title_position\":\"top-left\",\"title_rotation\":\"left\",\"vertical_align\":\"middle\",\"width\":\"default\"},\"children\":[{\"type\":\"row\",\"children\":[{\"type\":\"column\",\"props\":{\"image_position\":\"center-center\",\"position_sticky_breakpoint\":\"m\"},\"children\":[{\"type\":\"headline\",\"props\":{\"content\":\"\n\n<h2 class=\\\"uk-h1 uk-width-large uk-margin-auto-right@m uk-margin-remove-left@m uk-margin-auto uk-text-left@m uk-text-center\\\">Frequently Asked Questions<\\\/h2>\",\"title_element\":\"h1\"}}]}]}]},{\"type\":\"section\",\"props\":{\"image_position\":\"center-center\",\"style\":\"default\",\"title_breakpoint\":\"xl\",\"title_position\":\"top-left\",\"title_rotation\":\"left\",\"vertical_align\":\"middle\",\"width\":\"default\"},\"children\":[{\"type\":\"row\",\"props\":{\"layout\":\"1-2,1-2\"},\"children\":[{\"type\":\"column\",\"props\":{\"image_position\":\"center-center\",\"position_sticky_breakpoint\":\"m\",\"width_medium\":\"1-2\"},\"children\":[{\"type\":\"accordion\",\"props\":{\"collapsible\":true,\"content_column_breakpoint\":\"m\",\"image_align\":\"top\",\"image_grid_breakpoint\":\"m\",\"image_grid_width\":\"1-2\",\"image_svg_color\":\"emphasis\",\"link_style\":\"default\",\"link_text\":\"Read more\",\"show_image\":true,\"show_link\":true},\"children\":[{\"type\":\"accordion_item\",\"props\":{\"content\":\"\n\n<p><span>We do\\u00a0<strong>NOT<\\\/strong> offer \\u201cFREE\\u201d Trial, <\\\/span><span>However, we have available a\\u00a0<strong>24H Pass (<a href=\\\"https:\\\/\\\/getitalltv.com\\\/24h\\\/\\\">Click Here<\\\/a>)<\\\/strong>,<\\\/span><\\\/p>\",\"title\":\"Do you Offer Trial Test?\"}},{\"type\":\"accordion_item\",\"props\":{\"content\":\"\n\n<div class=\\\"el-item uk-open\\\">\\n\n\n<div class=\\\"uk-accordion-content uk-margin-remove-first-child\\\">\\n\n\n<div class=\\\"el-content uk-panel uk-margin-top\\\">\\n\n\n<p><span>All Video on Demand (VOD) content is available in multiple languages, including English, German, French, Spanish, Dutch, Italian, EXYU, and more, to cater to a wide range of audiences.<\\\/span><\\\/p>\\n<\\\/div>\\n<\\\/div>\\n<\\\/div>\",\"title\":\"Are VOD's in all languages?\"}},{\"type\":\"accordion_item\",\"props\":{\"content\":\"\n\n<p>We Accept Following Payment Methods:<\\\/p>\\n\n\n<ul>\\n\n\n<li>Debit\\\/Credit Card Payment (with 3D Security, for security of our customers)<\\\/li>\\n\n\n<li>Google pay<\\\/li>\\n\n\n<li>Paypal Payment.<\\\/li>\\n\n\n<li>Crypto Currency (For anonimity of our customers ), To pay with Crypto Currency, please contact us via whatssap.<\\\/li>\\n<\\\/ul>\",\"title\":\"What Payment Method you accept?\"}},{\"type\":\"accordion_item\",\"props\":{\"content\":\"\n\n<p><span>We provide an extensive selection of premium television channels including European, UK, USA,Asian, Arabic Channels and Programs, more than 22K world wide channels, and +114 Video on Demand (Movies and series) with regular updates. Our offerings encompass a wide variety of cinematic entertainment options including popular movies, acclaimed television series, and diverse, all available in stunning 4K, FHD, HD Quality.<\\\/span><\\\/p>\",\"title\":\"What Content have your IPTV Service?\"}},{\"type\":\"accordion_item\",\"props\":{\"content\":\"\n\n<p><span>We are proud to offer our valued customers a comprehensive 7-day money-back guarantee, valid for any reason.<\\\/span><\\\/p>\",\"title\":\"There is a refund if i don't like your Service?\"}},{\"type\":\"accordion_item\",\"props\":{\"content\":\"\n\n<p>If you want to use our service for multi-device (More than 1 device), there is 2 options:<\\\/p>\\n\n\n<p>- If you will not use 1 subscription (Basic or VIP) simultaneously, you don't need another subscription, with 1 subscription you can use it for more than 1 device but not simultaneously.<\\\/p>\\n\n\n<p>2- If you will use multiple device simultaneously, you need that every device have their own subscription.<\\\/p>\\n\n\n<p><\\\/p>\",\"title\":\"Can I use it for multi device?\"}}]}]},{\"type\":\"column\",\"props\":{\"image_position\":\"center-center\",\"position_sticky_breakpoint\":\"m\",\"width_medium\":\"1-2\"},\"children\":[{\"type\":\"accordion\",\"props\":{\"collapsible\":true,\"content_column_breakpoint\":\"m\",\"image_align\":\"top\",\"image_grid_breakpoint\":\"m\",\"image_grid_width\":\"1-2\",\"image_svg_color\":\"emphasis\",\"link_style\":\"default\",\"link_text\":\"Read more\",\"show_image\":true,\"show_link\":true},\"children\":[{\"type\":\"accordion_item\",\"props\":{\"content\":\"\n\n<p><span>Our objective is to send you your subscription details eMail within\\u00a0 maximum of\\u00a0 30<strong><em> seconds<\\\/em><\\\/strong>\\u00a0 no matter if your order is during the week, weekend or very high domains periods.<\\\/span><\\\/p>\",\"title\":\"When i will receive my details Subscription?\"}},{\"type\":\"accordion_item\",\"props\":{\"content\":\"\n\n<p><span>Upon becoming a subscriber, you will receive a unique set of login credentials, and m3u link in case of Smart TV, Android\\u2026etc, or a portal in case of Mag Box or Apple box,\\u00a0 that will provide you with access to our All channels and VODs.\\u00a0<\\\/span><\\\/p>\",\"title\":\"What i Receive when i Subscribe?\"}},{\"type\":\"accordion_item\",\"props\":{\"content\":\"\n\n<p>When you subscribe you will get a direct live chat available with our support department, they can help you at any time. and provide you all the support and tutorials available.<\\\/p>\",\"title\":\"How support work?\"}},{\"type\":\"accordion_item\",\"props\":{\"content\":\"\n\n<p><span>Our IPTV Service suport all TV boxes, Smart TV\\u2019s, android, Iphone devices, Including MAG boxes, Apple Box, Formuler Z and others, we will provide with all instructions to setup the service onto any device.<\\\/span><\\\/p>\",\"title\":\"What Devices support your service?\"}},{\"type\":\"accordion_item\",\"props\":{\"content\":\"\n\n<p><span>Upon receiving your support inquiry, we endeavor to conduct a thorough investigation into the matter at hand. The duration of this process may vary depending on the complexity of the issue, but typically, we strive to provide a resolution in a matter of minutes. we are not available 24H\\\/7 Days, we are transparent with our clients. from 23:00 (CET) to 09:00 (CET) will be a delay in responding your questions. we need some rest ;).<\\\/span><\\\/p>\",\"title\":\"What is the time responce of the support?\"}},{\"type\":\"accordion_item\",\"props\":{\"content\":\"\n\n<p>You can check the difference : <a href=\\\"https:\\\/\\\/getitalltv.com\\\/basicvsvip\\\/\\\">Here<\\\/a><\\\/p>\",\"status\":\"disabled\",\"title\":\"Difference between Gold and VIP?\"}}]}]}]}]}],\"version\":\"4.0.6\"} --><\/p>","protected":false},"excerpt":{"rendered":"<p>Frequently Asked Questions Do you Offer Trial Test? We do\u00a0NOT offer \u201cFREE\u201d Trial, However, we have available a\u00a024H Pass (Click Here), Are VOD&#8217;s in all languages? All Video on Demand (VOD) content is available in multiple languages, including English, German, French, Spanish, Dutch, Italian, EXYU, and more, to cater to a wide range of audiences. [&hellip;]<\/p>","protected":false},"author":3,"featured_media":0,"parent":0,"menu_order":0,"comment_status":"closed","ping_status":"closed","template":"","meta":{"_acf_changed":false,"footnotes":""},"class_list":["post-1390","page","type-page","status-publish","hentry"],"acf":[],"_links":{"self":[{"href":"https:\/\/getitalltv.com\/fi\/wp-json\/wp\/v2\/pages\/1390","targetHints":{"allow":["GET"]}}],"collection":[{"href":"https:\/\/getitalltv.com\/fi\/wp-json\/wp\/v2\/pages"}],"about":[{"href":"https:\/\/getitalltv.com\/fi\/wp-json\/wp\/v2\/types\/page"}],"author":[{"embeddable":true,"href":"https:\/\/getitalltv.com\/fi\/wp-json\/wp\/v2\/users\/3"}],"replies":[{"embeddable":true,"href":"https:\/\/getitalltv.com\/fi\/wp-json\/wp\/v2\/comments?post=1390"}],"version-history":[{"count":2,"href":"https:\/\/getitalltv.com\/fi\/wp-json\/wp\/v2\/pages\/1390\/revisions"}],"predecessor-version":[{"id":2366,"href":"https:\/\/getitalltv.com\/fi\/wp-json\/wp\/v2\/pages\/1390\/revisions\/2366"}],"wp:attachment":[{"href":"https:\/\/getitalltv.com\/fi\/wp-json\/wp\/v2\/media?parent=1390"}],"curies":[{"name":"wp","href":"https:\/\/api.w.org\/{rel}","templated":true}]}}