{"id":1390,"date":"2023-08-13T17:08:34","date_gmt":"2023-08-13T17:08:34","guid":{"rendered":"https:\/\/getitalltv.com\/?page_id=1390"},"modified":"2025-03-21T02:45:59","modified_gmt":"2025-03-21T02:45:59","slug":"faq","status":"publish","type":"page","link":"https:\/\/getitalltv.com\/sv\/faq\/","title":{"rendered":"FAQ"},"content":{"rendered":"<h1>\n<h2 class=\"uk-h1 uk-width-large uk-margin-auto-right@m uk-margin-remove-left@m uk-margin-auto uk-text-left@m uk-text-center\">Vanliga fr\u00e5gor<\/h2>\n<\/h1>\n<ul>\n<li>\n<h3>Erbjuder du provprov?<\/h3>\n<div>\n<p><span>Vi g\u00f6r\u00a0<strong>INTE<\/strong> erbjuda &quot;GRATIS&quot; provperiod, <\/span><span>Vi har dock tillg\u00e4ngliga en\u00a0<strong>24H Pass (<a href=\"https:\/\/getitalltv.com\/sv\/24h\/\">Klicka h\u00e4r<\/a>)<\/strong>,<\/span><\/p>\n<\/div>\n<\/li>\n<li>\n<h3>Finns VOD p\u00e5 alla spr\u00e5k?<\/h3>\n<div>\n<div class=\"el-item uk-open\">\n<div class=\"uk-accordion-content uk-margin-remove-first-child\">\n<div class=\"el-content uk-panel uk-margin-top\">\n<p><span>Allt Video on Demand-inneh\u00e5ll (VOD) \u00e4r tillg\u00e4ngligt p\u00e5 flera spr\u00e5k, inklusive engelska, tyska, franska, spanska, holl\u00e4ndska, italienska, EXYU och mer, f\u00f6r att tillgodose ett brett spektrum av publik.<\/span><\/p>\n<\/div>\n<\/div>\n<\/div>\n<\/div>\n<\/li>\n<li>\n<h3>Vilken betalningsmetod accepterar du?<\/h3>\n<div>\n<p>Vi accepterar f\u00f6ljande betalningsmetoder:<\/p>\n<ul>\n<li>Bank-\/kreditkortsbetalning (med 3D-s\u00e4kerhet, f\u00f6r v\u00e5ra kunders s\u00e4kerhet)<\/li>\n<li>Google Pay<\/li>\n<li>Paypal Betalning.<\/li>\n<li>Kryptovaluta (F\u00f6r anonymitet f\u00f6r v\u00e5ra kunder), F\u00f6r att betala med kryptovaluta, v\u00e4nligen kontakta oss via whatssap.<\/li>\n<\/ul>\n<\/div>\n<\/li>\n<li>\n<h3>Vilket inneh\u00e5ll har din IPTV-tj\u00e4nst?<\/h3>\n<div>\n<p><span>Vi tillhandah\u00e5ller ett omfattande urval av premium-tv-kanaler inklusive europeiska, Storbritannien, USA, asiatiska, arabiska kanaler och program, mer \u00e4n 22K v\u00e4rldsomsp\u00e4nnande kanaler och +114 Video on Demand (filmer och serier) med regelbundna uppdateringar. V\u00e5ra erbjudanden omfattar ett brett utbud av filmiska underh\u00e5llningsalternativ inklusive popul\u00e4ra filmer, hyllade tv-serier och olika, allt tillg\u00e4ngliga i fantastisk 4K, FHD, HD-kvalitet.<\/span><\/p>\n<\/div>\n<\/li>\n<li>\n<h3>Finns det en \u00e5terbetalning om jag inte gillar din tj\u00e4nst?<\/h3>\n<div>\n<p><span>Vi \u00e4r stolta \u00f6ver att kunna erbjuda v\u00e5ra uppskattade kunder en omfattande 7-dagars pengarna-tillbaka-garanti, giltig oavsett anledning.<\/span><\/p>\n<\/div>\n<\/li>\n<li>\n<h3>Kan jag anv\u00e4nda den f\u00f6r flera enheter?<\/h3>\n<div>\n<p>Om du vill anv\u00e4nda v\u00e5r tj\u00e4nst f\u00f6r flera enheter (mer \u00e4n 1 enhet), finns det tv\u00e5 alternativ:<\/p>\n<p>\u2013 Om du inte kommer att anv\u00e4nda 1 abonnemang (Basic eller VIP) samtidigt, beh\u00f6ver du inget annat abonnemang, med 1 abonnemang kan du anv\u00e4nda det f\u00f6r mer \u00e4n 1 enhet men inte samtidigt.<\/p>\n<p>2- Om du ska anv\u00e4nda flera enheter samtidigt beh\u00f6ver du att varje enhet har ett eget abonnemang.<\/p>\n<\/p>\n<\/div>\n<\/li>\n<\/ul>\n<ul>\n<li>\n<h3>N\u00e4r f\u00e5r jag mina uppgifter Prenumeration?<\/h3>\n<div>\n<p><span>Our objective is to send you your subscription details eMail within\u00a0 maximum of\u00a0 30<strong><em> seconds<\/em><\/strong>\u00a0 no matter if your order is during the week, weekend or very high domains periods.<\/span><\/p>\n<\/div>\n<\/li>\n<li>\n<h3>Vad f\u00e5r jag n\u00e4r jag prenumererar?<\/h3>\n<div>\n<p><span>N\u00e4r du blir prenumerant kommer du att f\u00e5 en unik upps\u00e4ttning inloggningsuppgifter och m3u-l\u00e4nk i h\u00e4ndelse av Smart TV, Android ... etc, eller en portal i fallet med Mag Box eller Apple-box, som ger dig tillg\u00e5ng till v\u00e5ra Alla kanaler och VOD.\u00a0<\/span><\/p>\n<\/div>\n<\/li>\n<li>\n<h3>Hur fungerar supporten?<\/h3>\n<div>\n<p>N\u00e4r du prenumererar f\u00e5r du en direkt livechatt tillg\u00e4nglig med v\u00e5r supportavdelning, de kan hj\u00e4lpa dig n\u00e4r som helst. och ger dig all tillg\u00e4nglig support och handledning.<\/p>\n<\/div>\n<\/li>\n<li>\n<h3>Vilka enheter st\u00f6djer din tj\u00e4nst?<\/h3>\n<div>\n<p><span>V\u00e5r IPTV-tj\u00e4nst st\u00f6djer alla TV-boxar, Smart TV, Android, Iphone-enheter, inklusive MAG-boxar, Apple Box, Formuler Z och andra, vi kommer att tillhandah\u00e5lla alla instruktioner f\u00f6r att st\u00e4lla in tj\u00e4nsten p\u00e5 vilken enhet som helst.<\/span><\/p>\n<\/div>\n<\/li>\n<li>\n<h3>Vilken tid svarar st\u00f6det?<\/h3>\n<div>\n<p><span>Efter att ha mottagit din supportf\u00f6rfr\u00e5gan str\u00e4var vi efter att g\u00f6ra en grundlig unders\u00f6kning av det aktuella \u00e4rendet. L\u00e4ngden p\u00e5 denna process kan variera beroende p\u00e5 hur komplext problemet \u00e4r, men vanligtvis str\u00e4var vi efter att ge en l\u00f6sning p\u00e5 n\u00e5gra minuter. vi \u00e4r inte tillg\u00e4ngliga 24h\/7 dagar, vi \u00e4r transparenta med v\u00e5ra kunder. fr\u00e5n 23:00 (CET) till 09:00 (CET) kommer att vara en f\u00f6rdr\u00f6jning f\u00f6r att svara p\u00e5 dina fr\u00e5gor. vi beh\u00f6ver vila ;).<\/span><\/p>\n<\/div>\n<\/li>\n<\/ul>\n<p><!--more--><br \/>\n<!-- {\"type\":\"layout\",\"children\":[{\"type\":\"section\",\"props\":{\"image_position\":\"center-center\",\"style\":\"default\",\"title_breakpoint\":\"xl\",\"title_position\":\"top-left\",\"title_rotation\":\"left\",\"vertical_align\":\"middle\",\"width\":\"default\"},\"children\":[{\"type\":\"row\",\"children\":[{\"type\":\"column\",\"props\":{\"image_position\":\"center-center\",\"position_sticky_breakpoint\":\"m\"},\"children\":[{\"type\":\"headline\",\"props\":{\"content\":\"\n\n<h2 class=\\\"uk-h1 uk-width-large uk-margin-auto-right@m uk-margin-remove-left@m uk-margin-auto uk-text-left@m uk-text-center\\\">Frequently Asked Questions<\\\/h2>\",\"title_element\":\"h1\"}}]}]}]},{\"type\":\"section\",\"props\":{\"image_position\":\"center-center\",\"style\":\"default\",\"title_breakpoint\":\"xl\",\"title_position\":\"top-left\",\"title_rotation\":\"left\",\"vertical_align\":\"middle\",\"width\":\"default\"},\"children\":[{\"type\":\"row\",\"props\":{\"layout\":\"1-2,1-2\"},\"children\":[{\"type\":\"column\",\"props\":{\"image_position\":\"center-center\",\"position_sticky_breakpoint\":\"m\",\"width_medium\":\"1-2\"},\"children\":[{\"type\":\"accordion\",\"props\":{\"collapsible\":true,\"content_column_breakpoint\":\"m\",\"image_align\":\"top\",\"image_grid_breakpoint\":\"m\",\"image_grid_width\":\"1-2\",\"image_svg_color\":\"emphasis\",\"link_style\":\"default\",\"link_text\":\"Read more\",\"show_image\":true,\"show_link\":true},\"children\":[{\"type\":\"accordion_item\",\"props\":{\"content\":\"\n\n<p><span>We do\\u00a0<strong>NOT<\\\/strong> offer \\u201cFREE\\u201d Trial, <\\\/span><span>However, we have available a\\u00a0<strong>24H Pass (<a href=\\\"https:\\\/\\\/getitalltv.com\\\/24h\\\/\\\">Click Here<\\\/a>)<\\\/strong>,<\\\/span><\\\/p>\",\"title\":\"Do you Offer Trial Test?\"}},{\"type\":\"accordion_item\",\"props\":{\"content\":\"\n\n<div class=\\\"el-item uk-open\\\">\\n\n\n<div class=\\\"uk-accordion-content uk-margin-remove-first-child\\\">\\n\n\n<div class=\\\"el-content uk-panel uk-margin-top\\\">\\n\n\n<p><span>All Video on Demand (VOD) content is available in multiple languages, including English, German, French, Spanish, Dutch, Italian, EXYU, and more, to cater to a wide range of audiences.<\\\/span><\\\/p>\\n<\\\/div>\\n<\\\/div>\\n<\\\/div>\",\"title\":\"Are VOD's in all languages?\"}},{\"type\":\"accordion_item\",\"props\":{\"content\":\"\n\n<p>We Accept Following Payment Methods:<\\\/p>\\n\n\n<ul>\\n\n\n<li>Debit\\\/Credit Card Payment (with 3D Security, for security of our customers)<\\\/li>\\n\n\n<li>Google pay<\\\/li>\\n\n\n<li>Paypal Payment.<\\\/li>\\n\n\n<li>Crypto Currency (For anonimity of our customers ), To pay with Crypto Currency, please contact us via whatssap.<\\\/li>\\n<\\\/ul>\",\"title\":\"What Payment Method you accept?\"}},{\"type\":\"accordion_item\",\"props\":{\"content\":\"\n\n<p><span>We provide an extensive selection of premium television channels including European, UK, USA,Asian, Arabic Channels and Programs, more than 22K world wide channels, and +114 Video on Demand (Movies and series) with regular updates. Our offerings encompass a wide variety of cinematic entertainment options including popular movies, acclaimed television series, and diverse, all available in stunning 4K, FHD, HD Quality.<\\\/span><\\\/p>\",\"title\":\"What Content have your IPTV Service?\"}},{\"type\":\"accordion_item\",\"props\":{\"content\":\"\n\n<p><span>We are proud to offer our valued customers a comprehensive 7-day money-back guarantee, valid for any reason.<\\\/span><\\\/p>\",\"title\":\"There is a refund if i don't like your Service?\"}},{\"type\":\"accordion_item\",\"props\":{\"content\":\"\n\n<p>If you want to use our service for multi-device (More than 1 device), there is 2 options:<\\\/p>\\n\n\n<p>- If you will not use 1 subscription (Basic or VIP) simultaneously, you don't need another subscription, with 1 subscription you can use it for more than 1 device but not simultaneously.<\\\/p>\\n\n\n<p>2- If you will use multiple device simultaneously, you need that every device have their own subscription.<\\\/p>\\n\n\n<p><\\\/p>\",\"title\":\"Can I use it for multi device?\"}}]}]},{\"type\":\"column\",\"props\":{\"image_position\":\"center-center\",\"position_sticky_breakpoint\":\"m\",\"width_medium\":\"1-2\"},\"children\":[{\"type\":\"accordion\",\"props\":{\"collapsible\":true,\"content_column_breakpoint\":\"m\",\"image_align\":\"top\",\"image_grid_breakpoint\":\"m\",\"image_grid_width\":\"1-2\",\"image_svg_color\":\"emphasis\",\"link_style\":\"default\",\"link_text\":\"Read more\",\"show_image\":true,\"show_link\":true},\"children\":[{\"type\":\"accordion_item\",\"props\":{\"content\":\"\n\n<p><span>Our objective is to send you your subscription details eMail within\\u00a0 maximum of\\u00a0 30<strong><em> seconds<\\\/em><\\\/strong>\\u00a0 no matter if your order is during the week, weekend or very high domains periods.<\\\/span><\\\/p>\",\"title\":\"When i will receive my details Subscription?\"}},{\"type\":\"accordion_item\",\"props\":{\"content\":\"\n\n<p><span>Upon becoming a subscriber, you will receive a unique set of login credentials, and m3u link in case of Smart TV, Android\\u2026etc, or a portal in case of Mag Box or Apple box,\\u00a0 that will provide you with access to our All channels and VODs.\\u00a0<\\\/span><\\\/p>\",\"title\":\"What i Receive when i Subscribe?\"}},{\"type\":\"accordion_item\",\"props\":{\"content\":\"\n\n<p>When you subscribe you will get a direct live chat available with our support department, they can help you at any time. and provide you all the support and tutorials available.<\\\/p>\",\"title\":\"How support work?\"}},{\"type\":\"accordion_item\",\"props\":{\"content\":\"\n\n<p><span>Our IPTV Service suport all TV boxes, Smart TV\\u2019s, android, Iphone devices, Including MAG boxes, Apple Box, Formuler Z and others, we will provide with all instructions to setup the service onto any device.<\\\/span><\\\/p>\",\"title\":\"What Devices support your service?\"}},{\"type\":\"accordion_item\",\"props\":{\"content\":\"\n\n<p><span>Upon receiving your support inquiry, we endeavor to conduct a thorough investigation into the matter at hand. The duration of this process may vary depending on the complexity of the issue, but typically, we strive to provide a resolution in a matter of minutes. we are not available 24H\\\/7 Days, we are transparent with our clients. from 23:00 (CET) to 09:00 (CET) will be a delay in responding your questions. we need some rest ;).<\\\/span><\\\/p>\",\"title\":\"What is the time responce of the support?\"}},{\"type\":\"accordion_item\",\"props\":{\"content\":\"\n\n<p>You can check the difference : <a href=\\\"https:\\\/\\\/getitalltv.com\\\/basicvsvip\\\/\\\">Here<\\\/a><\\\/p>\",\"status\":\"disabled\",\"title\":\"Difference between Gold and VIP?\"}}]}]}]}]}],\"version\":\"4.0.6\"} --><\/p>","protected":false},"excerpt":{"rendered":"<p>Frequently Asked Questions Do you Offer Trial Test? We do\u00a0NOT offer \u201cFREE\u201d Trial, However, we have available a\u00a024H Pass (Click Here), Are VOD&#8217;s in all languages? All Video on Demand (VOD) content is available in multiple languages, including English, German, French, Spanish, Dutch, Italian, EXYU, and more, to cater to a wide range of audiences. [&hellip;]<\/p>","protected":false},"author":3,"featured_media":0,"parent":0,"menu_order":0,"comment_status":"closed","ping_status":"closed","template":"","meta":{"_acf_changed":false,"footnotes":""},"class_list":["post-1390","page","type-page","status-publish","hentry"],"acf":[],"_links":{"self":[{"href":"https:\/\/getitalltv.com\/sv\/wp-json\/wp\/v2\/pages\/1390","targetHints":{"allow":["GET"]}}],"collection":[{"href":"https:\/\/getitalltv.com\/sv\/wp-json\/wp\/v2\/pages"}],"about":[{"href":"https:\/\/getitalltv.com\/sv\/wp-json\/wp\/v2\/types\/page"}],"author":[{"embeddable":true,"href":"https:\/\/getitalltv.com\/sv\/wp-json\/wp\/v2\/users\/3"}],"replies":[{"embeddable":true,"href":"https:\/\/getitalltv.com\/sv\/wp-json\/wp\/v2\/comments?post=1390"}],"version-history":[{"count":2,"href":"https:\/\/getitalltv.com\/sv\/wp-json\/wp\/v2\/pages\/1390\/revisions"}],"predecessor-version":[{"id":2366,"href":"https:\/\/getitalltv.com\/sv\/wp-json\/wp\/v2\/pages\/1390\/revisions\/2366"}],"wp:attachment":[{"href":"https:\/\/getitalltv.com\/sv\/wp-json\/wp\/v2\/media?parent=1390"}],"curies":[{"name":"wp","href":"https:\/\/api.w.org\/{rel}","templated":true}]}}